{"id":3307,"date":"2023-10-26T10:52:54","date_gmt":"2023-10-26T14:52:54","guid":{"rendered":"https:\/\/ppgdip.ufms.br\/?page_id=3307"},"modified":"2024-02-22T10:47:19","modified_gmt":"2024-02-22T14:47:19","slug":"manuais-para-dissertacoes-e-teses","status":"publish","type":"page","link":"https:\/\/ppgdip.ufms.br\/en\/manuais-para-dissertacoes-e-teses\/","title":{"rendered":"(Portugu\u00eas do Brasil) Manuais para Disserta\u00e7\u00f5es e Teses"},"content":{"rendered":"<p class=\"qtranxs-available-languages-message qtranxs-available-languages-message-en\">Sorry, this entry is only available in <a href=\"https:\/\/ppgdip.ufms.br\/pb\/wp-json\/wp\/v2\/pages\/3307\" class=\"qtranxs-available-language-link qtranxs-available-language-link-pb\" title=\"Portugu\u00eas do Brasil\">Portugu\u00eas do Brasil<\/a>.<\/p>","protected":false},"excerpt":{"rendered":"<p>Sorry, this entry is only available in Portugu\u00eas do Brasil.<\/p>\n","protected":false},"author":29200,"featured_media":0,"parent":0,"menu_order":0,"comment_status":"closed","ping_status":"closed","template":"","meta":{"ngg_post_thumbnail":0,"footnotes":""},"coauthors":[],"class_list":["post-3307","page","type-page","status-publish","hentry"],"_links":{"self":[{"href":"https:\/\/ppgdip.ufms.br\/en\/wp-json\/wp\/v2\/pages\/3307","targetHints":{"allow":["GET"]}}],"collection":[{"href":"https:\/\/ppgdip.ufms.br\/en\/wp-json\/wp\/v2\/pages"}],"about":[{"href":"https:\/\/ppgdip.ufms.br\/en\/wp-json\/wp\/v2\/types\/page"}],"author":[{"embeddable":true,"href":"https:\/\/ppgdip.ufms.br\/en\/wp-json\/wp\/v2\/users\/29200"}],"replies":[{"embeddable":true,"href":"https:\/\/ppgdip.ufms.br\/en\/wp-json\/wp\/v2\/comments?post=3307"}],"version-history":[{"count":3,"href":"https:\/\/ppgdip.ufms.br\/en\/wp-json\/wp\/v2\/pages\/3307\/revisions"}],"predecessor-version":[{"id":3442,"href":"https:\/\/ppgdip.ufms.br\/en\/wp-json\/wp\/v2\/pages\/3307\/revisions\/3442"}],"wp:attachment":[{"href":"https:\/\/ppgdip.ufms.br\/en\/wp-json\/wp\/v2\/media?parent=3307"}],"wp:term":[{"taxonomy":"author","embeddable":true,"href":"https:\/\/ppgdip.ufms.br\/en\/wp-json\/wp\/v2\/coauthors?post=3307"}],"curies":[{"name":"wp","href":"https:\/\/api.w.org\/{rel}","templated":true}]}}