{"id":70,"date":"2016-05-18T09:27:12","date_gmt":"2016-05-18T13:27:12","guid":{"rendered":"http:\/\/ppgdip.draconis.ufms.br\/?page_id=70"},"modified":"2025-05-21T10:55:35","modified_gmt":"2025-05-21T14:55:35","slug":"estrutura-curricular","status":"publish","type":"page","link":"https:\/\/ppgdip.ufms.br\/en\/estrutura-curricular\/","title":{"rendered":"Estrutura Curricular"},"content":{"rendered":"<strong>O aluno regular do Programa de P\u00f3s-Gradua\u00e7\u00e3o em Doen\u00e7as Infecciosas e Parasit\u00e1rias dever\u00e1 obter, no m\u00ednimo:<\/strong><\/p>\n<p>I &#8211; No Curso de Mestrado, cinquenta e quatro cr\u00e9ditos para diploma\u00e7\u00e3o, somando-se as disciplinas obrigat\u00f3rias e optativas; e<\/p>\n<p>II &#8211; No Curso de Doutorado, oitenta e seis cr\u00e9ditos para diploma\u00e7\u00e3o, somando-se as disciplinas obrigat\u00f3rias e optativas.<\/p>\n<p>*Maiores informa\u00e7\u00f5es no Cap\u00edtulo IV do Regulamento do Programa.<\/p>\n<p>A Estrutura curricular encontra-se em anexo.<\/p>\n<p><a href=\"https:\/\/ppgdip.ufms.br\/coordenacao\/res-no-153_2013-dip-aprovacao-estrutura-curricular-3\/\" rel=\"attachment wp-att-603\">Res. n\u00ba 153_2013 DIP aprova\u00e7\u00e3o Estrutura Curricular (3)<\/a>","protected":false},"excerpt":{"rendered":"<p>O aluno regular do Programa de P\u00f3s-Gradua\u00e7\u00e3o em Doen\u00e7as Infecciosas e Parasit\u00e1rias dever\u00e1 obter, no m\u00ednimo: I &#8211; No Curso de Mestrado, cinquenta e quatro cr\u00e9ditos para diploma\u00e7\u00e3o, somando-se as disciplinas obrigat\u00f3rias e optativas; e II &#8211; No Curso de Doutorado, oitenta e seis cr\u00e9ditos para diploma\u00e7\u00e3o, somando-se as disciplinas obrigat\u00f3rias e optativas. *Maiores informa\u00e7\u00f5es [&hellip;]<\/p>\n","protected":false},"author":2870,"featured_media":0,"parent":0,"menu_order":0,"comment_status":"closed","ping_status":"closed","template":"","meta":{"ngg_post_thumbnail":0,"footnotes":""},"coauthors":[15],"class_list":["post-70","page","type-page","status-publish","hentry"],"_links":{"self":[{"href":"https:\/\/ppgdip.ufms.br\/en\/wp-json\/wp\/v2\/pages\/70","targetHints":{"allow":["GET"]}}],"collection":[{"href":"https:\/\/ppgdip.ufms.br\/en\/wp-json\/wp\/v2\/pages"}],"about":[{"href":"https:\/\/ppgdip.ufms.br\/en\/wp-json\/wp\/v2\/types\/page"}],"author":[{"embeddable":true,"href":"https:\/\/ppgdip.ufms.br\/en\/wp-json\/wp\/v2\/users\/2870"}],"replies":[{"embeddable":true,"href":"https:\/\/ppgdip.ufms.br\/en\/wp-json\/wp\/v2\/comments?post=70"}],"version-history":[{"count":20,"href":"https:\/\/ppgdip.ufms.br\/en\/wp-json\/wp\/v2\/pages\/70\/revisions"}],"predecessor-version":[{"id":3882,"href":"https:\/\/ppgdip.ufms.br\/en\/wp-json\/wp\/v2\/pages\/70\/revisions\/3882"}],"wp:attachment":[{"href":"https:\/\/ppgdip.ufms.br\/en\/wp-json\/wp\/v2\/media?parent=70"}],"wp:term":[{"taxonomy":"author","embeddable":true,"href":"https:\/\/ppgdip.ufms.br\/en\/wp-json\/wp\/v2\/coauthors?post=70"}],"curies":[{"name":"wp","href":"https:\/\/api.w.org\/{rel}","templated":true}]}}